{"id":287,"date":"2013-02-17T10:18:11","date_gmt":"2013-02-17T10:18:11","guid":{"rendered":"http:\/\/www.lillsjostrom.com\/?page_id=287"},"modified":"2025-10-15T19:09:42","modified_gmt":"2025-10-15T19:09:42","slug":"presentation-och-tidigare-utstallningar","status":"publish","type":"page","link":"https:\/\/www.lillsjostrom.com\/?page_id=287","title":{"rendered":"Utst\u00e4llningar"},"content":{"rendered":"<h2><strong>Separatutst\u00e4llningar<\/strong><\/h2>\n<p>&nbsp;<\/p>\n<p>2025&nbsp;<\/p>\n<p>Akademihotellets Trapphusgalleri,&nbsp; Uppsala 1 &#8211; 27 febr<\/p>\n<p>2024<\/p>\n<p>Missionskyrkan, Uppsala 14 januari &#8211; 8 februari<\/p>\n<p>2023&nbsp;<\/p>\n<p>Kulturstugan, M\u00e4rsta 15 april &#8211; 11 juni<\/p>\n<p>Linn\u00e9s kammare i Jumkil 11-14 maj&nbsp;<\/p>\n<p>2022<\/p>\n<p>Missionskyrkan, Uppsala 23 oktober &#8211; 1 december<\/p>\n<p>2021&nbsp;<\/p>\n<p>TID OCH EVIGHET Galleri 1 Uppsala 8-30 maj<\/p>\n<p>2020<\/p>\n<p>planerad utst\u00e4llning i Galleri 1 inst\u00e4lld 2 g\u00e5nger p g a corona<\/p>\n<p>2019<\/p>\n<p>Kulturstugan, M\u00e4rsta<\/p>\n<p>2018<\/p>\n<p>(Polishuset, Uppsala)<\/p>\n<p>(Hercare, Danderyd)<\/p>\n<p>2017<\/p>\n<p>Farbror Nikos, Stockholm<\/p>\n<p>Herresta Lada, Odensala, M\u00e4rsta<\/p>\n<p>2016<\/p>\n<p>Abrahamsg\u00e5rden i Norberg<\/p>\n<p><strong>2015<\/strong><\/p>\n<p>Kista Science Tower augusti &#8211; oktober&nbsp;<\/p>\n<p>Galleri 1, Uppsala<\/p>\n<p><strong>2014<\/strong><\/p>\n<p>Ecke Hedbergs konstn\u00e4rshem, Tallbo Kungsfors<\/p>\n<p>Herresta Lada, Odensala, M\u00e4rsta<\/p>\n<p>Picchus Caf\u00e9, Upplands V\u00e4sby<\/p>\n<p>Artlab i V\u00e5lamagasinets gamla lokal i Uppsala<\/p>\n<p><strong>2013<\/strong><\/p>\n<p>Sigtuna kulturg\u00e5rd, Sigtuna<\/p>\n<p>Standgalleriet, Sigtuna<\/p>\n<p>Brostr\u00f6ms Kaf\u00e9, Uppsala<\/p>\n<p><strong>2012<\/strong><\/p>\n<p>Kulturstugan, M\u00e4rsta<\/p>\n<p><strong>2011<\/strong><\/p>\n<p>Sn\u00f6\u00e5 bruk, Dala J\u00e4rna<\/p>\n<p><strong>2010<\/strong><\/p>\n<p>Herresta Lada, Odensala. M\u00e4rsta<\/p>\n<p>Atelj\u00e9&nbsp;Gamla&nbsp;Skok\u00e4llan, M\u00e4rsta<\/p>\n<p><strong>2009<\/strong><\/p>\n<p>Kulturstugan, M\u00e4rsta<\/p>\n<p>Galleri&nbsp;Kyrkskolan,&nbsp;\u00d6sterhaninge<\/p>\n<p><strong>2008<\/strong><\/p>\n<p>Tillsammans&nbsp;med&nbsp;Emma Simu:&nbsp;Invigning&nbsp;av&nbsp;Forum,&nbsp;M\u00e4rsta<\/p>\n<p>Galleri Gr\u00f6nland, Malung<\/p>\n<p><strong>2007<\/strong><\/p>\n<p>Livsmedelsverket, Uppsala<\/p>\n<p>Gourmetb\u00f6nan, M\u00e4rsta<\/p>\n<p>Invigning&nbsp;av&nbsp;&nbsp;\u201dTrettiosju\u201d&nbsp;i&nbsp;Tran\u00e5s<\/p>\n<p lang=\"sv-SE\"><b>2006<\/b><\/p>\n<p>Kemikalieinspektionen,&nbsp;Sundbyberg<\/p>\n<p>Galleri Bl\u00e4se, Gotland<\/p>\n<p>Sigtuna kulturg\u00e5rd, Sigtuna<\/p>\n<p lang=\"sv-SE\"><b>2005<\/b><\/p>\n<p>\u201dGalleri&nbsp;Kottla\u201d,&nbsp;Liding\u00f6<\/p>\n<p lang=\"sv-SE\"><b>2004<\/b><\/p>\n<p>Agu\u00e9li&nbsp;Galleri,&nbsp;Stockholm<\/p>\n<p>Tillsammans med Karl Sprenger: Sn\u00f6\u00e5 bruk, Dala J\u00e4rna<\/p>\n<p>M\u00e4rsta bibliotek<\/p>\n<p lang=\"sv-SE\"><b>2003<\/b><\/p>\n<p>\u201dVackert&nbsp;ov\u00e4der\u201d&nbsp;p\u00e5&nbsp;\u00d6verby&nbsp;g\u00e5rd,&nbsp;Rotebro<\/p>\n<p lang=\"sv-SE\"><b>2002<\/b><\/p>\n<p>Galleri&nbsp;Anna-Karin,&nbsp;Odensala<\/p>\n<p>\u201dSkenet&nbsp;bidrar\u201d&nbsp;p\u00e5&nbsp;Strandgalleriet&nbsp;i&nbsp;Sigtuna<\/p>\n<p><b>2001<\/b><\/p>\n<p>M\u00e4rstagymnasiet<\/p>\n<p>Verandan, Sollentuna sjukhus<\/p>\n<p>&#8221;\u00c5t n\u00e5got h\u00e5ll&#8221; Strandgalleriet, Sigtuna<\/p>\n<p>\u201dI&nbsp;dimma\u201d&nbsp;p\u00e5&nbsp;Sn\u00f6\u00e5&nbsp;bruk&nbsp;i&nbsp;Dala J\u00e4rna<\/p>\n<p>&nbsp;<\/p>\n<p>&nbsp;<\/p>\n<p>&nbsp;<\/p>\n<h2 lang=\"sv-SE\"><b>Samlingsutst\u00e4llningar<\/b><\/h2>\n<p>JURYBED\u00d6MDA&nbsp;<\/p>\n<p>V\u00e4sby Konsthalls Akvarellsalong h\u00f6sten 2025 (jurybed\u00f6md)&nbsp;<\/p>\n<p>V\u00e5rsalong Pl\u00e5t-Pelles kulturhus Sigtuna (jurybed\u00f6md) 2025<\/p>\n<p>V\u00e4derleksv\u00e4der V\u00e4sby Konsthall (jurybed\u00f6md) 2025<\/p>\n<p>China Cultural Center Stockholm &#8221;Reachings&#8221; (jurybed\u00f6md) 2025<\/p>\n<p>H\u00f6stsalong M\u00e4rsta konsthall (jurybed\u00f6md) 2017<\/p>\n<p>Edsviks&nbsp;Nationell&nbsp;Salong&nbsp;i&nbsp;Akvarell&nbsp;Edsviks&nbsp;Konsthall&nbsp;(jurybed\u00f6md)&nbsp;2010<\/p>\n<p>Edsviks&nbsp;konsthalls&nbsp;V\u00e5rsalong&nbsp;(jurybed\u00f6md)&nbsp;2006<\/p>\n<p>V\u00e4sby konsthalls Akvarellsalong (jurybed\u00f6md) 2003, 2004, 2005, 2006, 2007 &nbsp;och &nbsp;2012<\/p>\n<p>H\u00f6stsalong&nbsp;(jurybed\u00f6md)&nbsp;V\u00e4sby&nbsp;Konsthall&nbsp;2005<\/p>\n<p>\u00d6verbysalongen&nbsp;(jurybed\u00f6md)&nbsp;2007<\/p>\n<p>Bygdens&nbsp;Konst&nbsp;och&nbsp;Design,&nbsp;Sigtuna&nbsp;(jurybed\u00f6md)&nbsp;2006<\/p>\n<p>Sigtuna&nbsp;kulturg\u00e5rd&nbsp;(jurybed\u00f6md)&nbsp;2005<\/p>\n<p>Bygdens&nbsp;Konstverk,&nbsp;Sigtuna&nbsp;(jurybed\u00f6md)&nbsp;2004<\/p>\n<p>Konst&nbsp;Nu,&nbsp;Sigtuna(jurybed\u00f6md)&nbsp;2007&nbsp;och&nbsp;2008<\/p>\n<p>\u00d6VRIGA SAMLINGSUTST\u00c4LLNINGAR&nbsp;<\/p>\n<p>\u201dBild&amp;Bild\u201d&nbsp;p\u00e5&nbsp;Galleri&nbsp;Infra&nbsp;i&nbsp;UpplandsV\u00e4sby&nbsp;2004<\/p>\n<p>Sigtuna&nbsp;Kulturf\u00f6rening,&nbsp;Sigtuna&nbsp;2003&nbsp;och&nbsp;2006<\/p>\n<p>Sigtuna&nbsp;kommunhus&nbsp;2002,&nbsp;2003&nbsp;och&nbsp;2004<\/p>\n<p>\u00d6verbyg\u00e5rds&nbsp;medlemsutst\u00e4llning&nbsp;2003,&nbsp;2004<\/p>\n<p>Konst&amp;Kaf\u00e9&nbsp;fredagar&nbsp;i&nbsp;maj&nbsp;M\u00e4rsta&nbsp;2007&nbsp;och&nbsp;2008<\/p>\n<p>Galleri&nbsp;Kottla&nbsp;Liding\u00f6&nbsp;2007<\/p>\n<p>\u00d6sterbybruksm\u00e4ssan&nbsp;2007<\/p>\n<p lang=\"sv-SE\">Kulturstugan M\u00e4rsta 2009-2014<\/p>\n<p>Atelje&nbsp;Gamla&nbsp;Skok\u00e4llan&nbsp;2010<\/p>\n<p>&#8221;Under medeltidas valv&#8221; Kunstisalong Allee, Artnetco Tallinn 2013<\/p>\n<p>&#8221;Longing for freedom&#8221; Oxford Prison Castle, Oxford Artnetco 2013<\/p>\n<p>Artlab, Uppsala jan\/febr 2014<\/p>\n<p>&#8221;First Encounter&#8221;, Tersaeus, Artnetco Stockholm maj 2014<\/p>\n<p>&#8221;Second Encounter&#8221;, Tallinn Estland Artnetco juni 2014<\/p>\n<p>&#8221;In the Heat&#8221;, Deruta, Italien, Artnetco, sept 2014<\/p>\n<p>Lions, Knivsta okt 2014<\/p>\n<p>&#8221;A Tribute to Life&#8221;, London okt\/nov Artnetco 2014<\/p>\n<p>&#8221;Third Encounter&#8221;, NK-villan, Nyk\u00f6ping Artnetco nov\/dec 2014<\/p>\n<p>Julsalong \u00c5-huset, Uppsala konstn\u00e4rsklubb, dec 2014<\/p>\n<p>&#8221;The Heat is on&#8221; Rocca Flea, Italien, Artnetco&nbsp; januari 2015<\/p>\n<p>&#8221;Connected&#8221; Helsingfors, Artnetco april 2015<\/p>\n<p>&#8221;Minnen&#8221; Mannaminne, Nordingr\u00e5, Artnetco, maj 2015<\/p>\n<p>Jubileumsutst\u00e4llning Uppsala konstn\u00e4rsklubb september 2015<\/p>\n<p><strong>&#8221;Borders&#8221; \u00c5-Huset, Uppsala konstn\u00e4rsklubb oktober\/november 2015<\/strong><\/p>\n<p><strong>&#8221;\u00d6gonblick&#8221; \u00c5-Huset, Uppsala konstn\u00e4rsklubb januari 2016<\/strong><\/p>\n<p>Medlemsutst\u00e4llning Kulturstugan, M\u00e4rsta 2016<\/p>\n<p><strong>&#8221;Sten, sax och tr\u00e5dar&#8221; \u00c5-Huset, Uppsala 2016<\/strong><\/p>\n<p>&#8221;Gamla goda minnen&#8221; Mannaminne 7 maj . 25 september 2016<\/p>\n<p>Medlemssalong i Kulturstugan, M\u00e4rsta 8 &#8211; 23 april 2017<\/p>\n<p>Wenngarn 14 &#8211; 23 april 2017<\/p>\n<p><strong>H\u00f6stsalong, Konsthall M\u00e4rsta 23 september &#8211; 18 november 2017<\/strong><\/p>\n<p><strong>&#8221;Tillsammans&#8221; i Uppsala 27 januari &#8211; 1 februari 2018<\/strong><\/p>\n<p><strong>&#8221;Jag Kvinna&#8221; i \u00c5-Huset, Uppsala 24 febr &#8211; 11 mars 2018<\/strong><\/p>\n<p>P\u00e5skrunda i Kulturstugan M\u00e4rsta 31 mars &#8211; 1 april 2018<\/p>\n<p>Medlemssalong i Kulturstugan M\u00e4rsta 13 okt &#8211; 11 nov 2018 &#8221;Musik&#8221;<\/p>\n<p>Medlemssalong i Kulturstugan M\u00e4rsta 11 &#8211; 26 maj 2019<\/p>\n<p>Beaucouz\u00e9, &#8221;North Meets South&#8221;, Artnetco, , oktober 2019&nbsp;<\/p>\n\n\n<p>Medlemssalong i Kulturstugan M\u00e4rsta 12 febr &#8211; 8 mars 2020 &#8221;Gl\u00e4dje&#8221;<\/p>\n\n\n\n<p>Upplev Odensala 4 &#8211; 5 september 2021 G\u00e4stutst\u00e4llare hos Anna-Karin Wetzig.<\/p>\n\n\n\n<p>Medlemssalong Kulturstugan M\u00e4rsta 7 &#8211; 22 maj 2022 &#8221;Fritt val?&#8221;<\/p>\n\n\n\n<p>Medlemssalong Kulturstugan &#8221;Tr\u00e4d&#8221; 18 februari &#8211; 5 mars 2023<\/p>\n\n\n\n<p>Medlemssalong Kulturstugan &#8221;Djur och Odjur&#8221; 17\/2 -3\/3 2024<\/p>\n\n\n\n<p><strong>Med AdelanteArt 24 april &#8211; 1 juni 2024 i Wismar p\u00e5 Galerie hinter dem Rathaus<\/strong><\/p>\n\n\n\n<p>Medlemssalong i Kulturstugan M\u00e4rsta &#8221;Utsikt fr\u00e5n mitt f\u00f6nster&#8221; 18 januari &#8211; 9 februari 2025<\/p>\n\n\n\n<p>Jubileumsutst\u00e4llning Uppsala Konstn\u00e4rsklubb 2025<\/p>\n\n\n\n<p><\/p>\n\n\n\n<p><\/p>\n","protected":false},"excerpt":{"rendered":"<p>Separatutst\u00e4llningar &nbsp; 2025&nbsp; Akademihotellets Trapphusgalleri,&nbsp; Uppsala 1 &#8211; 27 febr 2024 Missionskyrkan, Uppsala 14 januari &#8211; 8 februari 2023&nbsp; Kulturstugan, M\u00e4rsta 15 april &#8211; 11 juni Linn\u00e9s kammare i Jumkil 11-14 maj&nbsp; 2022 Missionskyrkan, Uppsala 23 oktober &#8211; 1 december 2021&nbsp; TID OCH EVIGHET Galleri 1 Uppsala 8-30 maj 2020 planerad utst\u00e4llning i Galleri 1 [&hellip;]<\/p>\n","protected":false},"author":1,"featured_media":0,"parent":0,"menu_order":6,"comment_status":"closed","ping_status":"closed","template":"","meta":{"ngg_post_thumbnail":0,"footnotes":""},"class_list":["post-287","page","type-page","status-publish","hentry"],"_links":{"self":[{"href":"https:\/\/www.lillsjostrom.com\/index.php?rest_route=\/wp\/v2\/pages\/287","targetHints":{"allow":["GET"]}}],"collection":[{"href":"https:\/\/www.lillsjostrom.com\/index.php?rest_route=\/wp\/v2\/pages"}],"about":[{"href":"https:\/\/www.lillsjostrom.com\/index.php?rest_route=\/wp\/v2\/types\/page"}],"author":[{"embeddable":true,"href":"https:\/\/www.lillsjostrom.com\/index.php?rest_route=\/wp\/v2\/users\/1"}],"replies":[{"embeddable":true,"href":"https:\/\/www.lillsjostrom.com\/index.php?rest_route=%2Fwp%2Fv2%2Fcomments&post=287"}],"version-history":[{"count":91,"href":"https:\/\/www.lillsjostrom.com\/index.php?rest_route=\/wp\/v2\/pages\/287\/revisions"}],"predecessor-version":[{"id":2450,"href":"https:\/\/www.lillsjostrom.com\/index.php?rest_route=\/wp\/v2\/pages\/287\/revisions\/2450"}],"wp:attachment":[{"href":"https:\/\/www.lillsjostrom.com\/index.php?rest_route=%2Fwp%2Fv2%2Fmedia&parent=287"}],"curies":[{"name":"wp","href":"https:\/\/api.w.org\/{rel}","templated":true}]}}