{"id":1518,"date":"2018-03-23T06:26:28","date_gmt":"2018-03-23T06:26:28","guid":{"rendered":"http:\/\/www.lillsjostrom.com\/?page_id=1518"},"modified":"2023-05-05T11:36:27","modified_gmt":"2023-05-05T11:36:27","slug":"om-lill","status":"publish","type":"page","link":"https:\/\/www.lillsjostrom.com\/?page_id=1518","title":{"rendered":"OM LILL"},"content":{"rendered":"<p>&nbsp;<\/p>\n<p>V\u00e4ver bilder, tecknar, m\u00e5lar i akvarell, olja och lite akryl.<\/p>\n<p>Skriver, fotograferar, bl a portr\u00e4tt vid intervjuer med f\u00f6rfattare och konstn\u00e4rer.<\/p>\n<p>Medlem i Uppsala Konstn\u00e4rsklubb www.uppsalakonstnarsklubb.se sedan oktober 2014.<\/p>\n<p>En av initiativtagarna till Kulturstugan i M\u00e4rsta. Ordf\u00f6rande i M\u00e4rsta kulturf\u00f6rening\/Kulturstugan <em>www.marstakulturstuga.se<\/em> 2017-2021.<\/p>\n<p>Fick Sigtuna&nbsp;kommuns&nbsp;kulturpris&nbsp;2003&nbsp; \u201df\u00f6r&nbsp;v\u00e4vkonst&nbsp;med&nbsp;kraft&nbsp;och&nbsp;poesi\u201d.<\/p>\n<p>Ledamot (som konstn\u00e4r) av Sigtuna kommuns f\u00f6rsta konstr\u00e5d 2007-2009.<\/p>\n<p>Verk ink\u00f6pta av Sigtuna kommun, Hovstaten, Upplands V\u00e4sby kommun, Malungs kommun och av konstf\u00f6reningar i Uppsala, M\u00e4rsta, Sigtuna, Upplands V\u00e4sby, Sollentuna, Dala-J\u00e4rna och Malung.<\/p>\n<p>Utst\u00e4llare med \u00f6ppen atelj\u00e9 under konstrundan \u201dUpplev Odensala\u201d 2002-2013 samt som g\u00e4stutst\u00e4llare 2014, 2015, 2017 och 2021 (Herresta Lada 2014 och 2017, hos Susanne \u00c5berg 2015 och hos Atelj\u00e9 Anna-Karin 2021)&nbsp;<\/p>\n<p>Var ordf\u00f6rande i Odensala Konst- och hantverksf\u00f6rening 2003-2014.<\/p>\n<p>B\u00f6rjade&nbsp;m\u00e5la&nbsp;\u201dp\u00e5&nbsp;riktigt\u201d&nbsp;\u00e5r&nbsp;2000.<\/p>\n<p>Har g\u00e5tt kortare kurser f\u00f6r bl a Morten Paulsen, Arne Isacsson, Lars Holm, Carina Wall, AnneLie Ljung och Peter Ojstersek.<\/p>\n<p>Bodde&nbsp;i M\u00e4rsta 1965-2013. Hade&nbsp;atelj\u00e9&nbsp;i&nbsp;Galleri&nbsp;Anna-Karin&nbsp;i&nbsp;Odensala 2004-2013.<\/p>\n<p>Flyttade till Uppsala i juni 2013 har haft atelj\u00e9 i H\u00e5gaby (2013-2016), och i Studentstaden (2017-juni 2021). Sedan juli 2021 har jag atelj\u00e9 i Luthagen.&nbsp;<\/p>\n\n\n<p><\/p>\n","protected":false},"excerpt":{"rendered":"<p>&nbsp; V\u00e4ver bilder, tecknar, m\u00e5lar i akvarell, olja och lite akryl. Skriver, fotograferar, bl a portr\u00e4tt vid intervjuer med f\u00f6rfattare och konstn\u00e4rer. Medlem i Uppsala Konstn\u00e4rsklubb www.uppsalakonstnarsklubb.se sedan oktober 2014. En av initiativtagarna till Kulturstugan i M\u00e4rsta. Ordf\u00f6rande i M\u00e4rsta kulturf\u00f6rening\/Kulturstugan www.marstakulturstuga.se 2017-2021. Fick Sigtuna&nbsp;kommuns&nbsp;kulturpris&nbsp;2003&nbsp; \u201df\u00f6r&nbsp;v\u00e4vkonst&nbsp;med&nbsp;kraft&nbsp;och&nbsp;poesi\u201d. Ledamot (som konstn\u00e4r) av Sigtuna kommuns f\u00f6rsta konstr\u00e5d 2007-2009. [&hellip;]<\/p>\n","protected":false},"author":2,"featured_media":2090,"parent":0,"menu_order":0,"comment_status":"closed","ping_status":"closed","template":"","meta":{"ngg_post_thumbnail":0,"footnotes":""},"class_list":["post-1518","page","type-page","status-publish","has-post-thumbnail","hentry"],"_links":{"self":[{"href":"https:\/\/www.lillsjostrom.com\/index.php?rest_route=\/wp\/v2\/pages\/1518","targetHints":{"allow":["GET"]}}],"collection":[{"href":"https:\/\/www.lillsjostrom.com\/index.php?rest_route=\/wp\/v2\/pages"}],"about":[{"href":"https:\/\/www.lillsjostrom.com\/index.php?rest_route=\/wp\/v2\/types\/page"}],"author":[{"embeddable":true,"href":"https:\/\/www.lillsjostrom.com\/index.php?rest_route=\/wp\/v2\/users\/2"}],"replies":[{"embeddable":true,"href":"https:\/\/www.lillsjostrom.com\/index.php?rest_route=%2Fwp%2Fv2%2Fcomments&post=1518"}],"version-history":[{"count":12,"href":"https:\/\/www.lillsjostrom.com\/index.php?rest_route=\/wp\/v2\/pages\/1518\/revisions"}],"predecessor-version":[{"id":2096,"href":"https:\/\/www.lillsjostrom.com\/index.php?rest_route=\/wp\/v2\/pages\/1518\/revisions\/2096"}],"wp:featuredmedia":[{"embeddable":true,"href":"https:\/\/www.lillsjostrom.com\/index.php?rest_route=\/wp\/v2\/media\/2090"}],"wp:attachment":[{"href":"https:\/\/www.lillsjostrom.com\/index.php?rest_route=%2Fwp%2Fv2%2Fmedia&parent=1518"}],"curies":[{"name":"wp","href":"https:\/\/api.w.org\/{rel}","templated":true}]}}